{"id":2248,"date":"2025-06-20T14:21:13","date_gmt":"2025-06-20T17:21:13","guid":{"rendered":"https:\/\/mediquip-bo.com\/home1\/?page_id=2248"},"modified":"2025-07-24T22:54:05","modified_gmt":"2025-07-25T01:54:05","slug":"front-page","status":"publish","type":"page","link":"https:\/\/mediquip.com.bo\/home1\/","title":{"rendered":"Front Page"},"content":{"rendered":"\t\t<div data-elementor-type=\"wp-page\" data-elementor-id=\"2248\" class=\"elementor elementor-2248\">\n\t\t\t\t<div class=\"elementor-element elementor-element-34b0bd76 e-flex e-con-boxed e-con e-parent\" data-id=\"34b0bd76\" data-element_type=\"container\" data-settings=\"{&quot;background_background&quot;:&quot;video&quot;,&quot;background_video_link&quot;:&quot;https:\\\/\\\/www.youtube.com\\\/watch?v=5BgUIFeLERE&quot;,&quot;background_video_end&quot;:60,&quot;background_play_on_mobile&quot;:&quot;yes&quot;}\">\n\t\t\t\t\t<div class=\"e-con-inner\">\n\t\t<div class=\"elementor-background-video-container\" aria-hidden=\"true\">\n\t\t\t\t\t\t\t<div class=\"elementor-background-video-embed\"><\/div>\n\t\t\t\t\t\t<\/div><div class=\"elementor-element elementor-element-7831294 e-con-full e-flex e-con e-child\" data-id=\"7831294\" data-element_type=\"container\" data-settings=\"{&quot;position&quot;:&quot;absolute&quot;}\">\n\t\t\t\t<\/div>\n\t\t\t\t\t<\/div>\n\t\t\t\t<\/div>\n\t\t<div class=\"elementor-element elementor-element-10ce483 e-flex e-con-boxed e-con e-parent\" data-id=\"10ce483\" data-element_type=\"container\">\n\t\t\t\t\t<div class=\"e-con-inner\">\n\t\t\t\t<div class=\"elementor-element elementor-element-575c9b5 elementor-arrows-position-inside elementor-pagination-position-outside elementor-invisible elementor-widget elementor-widget-image-carousel\" data-id=\"575c9b5\" data-element_type=\"widget\" data-settings=\"{&quot;autoplay_speed&quot;:3000,&quot;_animation&quot;:&quot;zoomIn&quot;,&quot;navigation&quot;:&quot;both&quot;,&quot;autoplay&quot;:&quot;yes&quot;,&quot;pause_on_hover&quot;:&quot;yes&quot;,&quot;pause_on_interaction&quot;:&quot;yes&quot;,&quot;infinite&quot;:&quot;yes&quot;,&quot;speed&quot;:500}\" data-widget_type=\"image-carousel.default\">\n\t\t\t\t<div class=\"elementor-widget-container\">\n\t\t\t\t\t\t\t<div class=\"elementor-image-carousel-wrapper swiper\" role=\"region\" aria-roledescription=\"carousel\" aria-label=\"Carrossel de imagens\" dir=\"ltr\">\n\t\t\t<div class=\"elementor-image-carousel swiper-wrapper\" aria-live=\"off\">\n\t\t\t\t\t\t\t\t<div class=\"swiper-slide\" role=\"group\" aria-roledescription=\"slide\" aria-label=\"1 of 13\"><figure class=\"swiper-slide-inner\"><img decoding=\"async\" class=\"swiper-slide-image\" src=\"https:\/\/mediquip.com.bo\/home1\/wp-content\/uploads\/2025\/07\/Captura-de-pantalla-2025-07-03-105853-1.png\" alt=\"Captura de pantalla 2025-07-03 105853\" \/><\/figure><\/div><div class=\"swiper-slide\" role=\"group\" aria-roledescription=\"slide\" aria-label=\"2 of 13\"><figure class=\"swiper-slide-inner\"><img decoding=\"async\" class=\"swiper-slide-image\" src=\"https:\/\/mediquip.com.bo\/home1\/wp-content\/uploads\/2025\/06\/marcas_bowa.png\" alt=\"marcas_bowa\" \/><\/figure><\/div><div class=\"swiper-slide\" role=\"group\" aria-roledescription=\"slide\" aria-label=\"3 of 13\"><figure class=\"swiper-slide-inner\"><img decoding=\"async\" class=\"swiper-slide-image\" src=\"https:\/\/mediquip.com.bo\/home1\/wp-content\/uploads\/2025\/06\/marcas_merivaara.png\" alt=\"marcas_merivaara\" \/><\/figure><\/div><div class=\"swiper-slide\" role=\"group\" aria-roledescription=\"slide\" aria-label=\"4 of 13\"><figure class=\"swiper-slide-inner\"><img decoding=\"async\" class=\"swiper-slide-image\" src=\"https:\/\/mediquip.com.bo\/home1\/wp-content\/uploads\/2025\/06\/marcas_hersill.png\" alt=\"marcas_hersill\" \/><\/figure><\/div><div class=\"swiper-slide\" role=\"group\" aria-roledescription=\"slide\" aria-label=\"5 of 13\"><figure class=\"swiper-slide-inner\"><img decoding=\"async\" class=\"swiper-slide-image\" src=\"https:\/\/mediquip.com.bo\/home1\/wp-content\/uploads\/2025\/07\/images.png\" alt=\"images\" \/><\/figure><\/div><div class=\"swiper-slide\" role=\"group\" aria-roledescription=\"slide\" aria-label=\"6 of 13\"><figure class=\"swiper-slide-inner\"><img decoding=\"async\" class=\"swiper-slide-image\" src=\"https:\/\/mediquip.com.bo\/home1\/wp-content\/uploads\/2025\/06\/marcas_alma-1.png\" alt=\"marcas_alma\" \/><\/figure><\/div><div class=\"swiper-slide\" role=\"group\" aria-roledescription=\"slide\" aria-label=\"7 of 13\"><figure class=\"swiper-slide-inner\"><img decoding=\"async\" class=\"swiper-slide-image\" src=\"https:\/\/mediquip.com.bo\/home1\/wp-content\/uploads\/2025\/06\/marcas_daiwha.png\" alt=\"marcas_daiwha\" \/><\/figure><\/div><div class=\"swiper-slide\" role=\"group\" aria-roledescription=\"slide\" aria-label=\"8 of 13\"><figure class=\"swiper-slide-inner\"><img decoding=\"async\" class=\"swiper-slide-image\" src=\"https:\/\/mediquip.com.bo\/home1\/wp-content\/uploads\/2025\/06\/marcas_sms.png\" alt=\"marcas_sms\" \/><\/figure><\/div><div class=\"swiper-slide\" role=\"group\" aria-roledescription=\"slide\" aria-label=\"9 of 13\"><figure class=\"swiper-slide-inner\"><img decoding=\"async\" class=\"swiper-slide-image\" src=\"https:\/\/mediquip.com.bo\/home1\/wp-content\/uploads\/2025\/07\/111001_01_PB_logo.jpg\" alt=\"111001_01_PB_logo\" \/><\/figure><\/div><div class=\"swiper-slide\" role=\"group\" aria-roledescription=\"slide\" aria-label=\"10 of 13\"><figure class=\"swiper-slide-inner\"><img decoding=\"async\" class=\"swiper-slide-image\" src=\"https:\/\/mediquip.com.bo\/home1\/wp-content\/uploads\/2025\/06\/marcas_endomed.png\" alt=\"marcas_endomed\" \/><\/figure><\/div><div class=\"swiper-slide\" role=\"group\" aria-roledescription=\"slide\" aria-label=\"11 of 13\"><figure class=\"swiper-slide-inner\"><img decoding=\"async\" class=\"swiper-slide-image\" src=\"https:\/\/mediquip.com.bo\/home1\/wp-content\/uploads\/2025\/06\/marcas_ecoray.png\" alt=\"marcas_ecoray\" \/><\/figure><\/div><div class=\"swiper-slide\" role=\"group\" aria-roledescription=\"slide\" aria-label=\"12 of 13\"><figure class=\"swiper-slide-inner\"><img decoding=\"async\" class=\"swiper-slide-image\" src=\"https:\/\/mediquip.com.bo\/home1\/wp-content\/uploads\/2025\/06\/marcas_kernel.png\" alt=\"marcas_kernel\" \/><\/figure><\/div><div class=\"swiper-slide\" role=\"group\" aria-roledescription=\"slide\" aria-label=\"13 of 13\"><figure class=\"swiper-slide-inner\"><img decoding=\"async\" class=\"swiper-slide-image\" src=\"https:\/\/mediquip.com.bo\/home1\/wp-content\/uploads\/2025\/06\/marcas_zoll.png\" alt=\"marcas_zoll\" \/><\/figure><\/div>\t\t\t<\/div>\n\t\t\t\t\t\t\t\t\t\t\t\t<div class=\"elementor-swiper-button elementor-swiper-button-prev\" role=\"button\" tabindex=\"0\">\n\t\t\t\t\t\t<svg aria-hidden=\"true\" class=\"e-font-icon-svg e-eicon-chevron-left\" viewBox=\"0 0 1000 1000\" xmlns=\"http:\/\/www.w3.org\/2000\/svg\"><path d=\"M646 125C629 125 613 133 604 142L308 442C296 454 292 471 292 487 292 504 296 521 308 533L604 854C617 867 629 875 646 875 663 875 679 871 692 858 704 846 713 829 713 812 713 796 708 779 692 767L438 487 692 225C700 217 708 204 708 187 708 171 704 154 692 142 675 129 663 125 646 125Z\"><\/path><\/svg>\t\t\t\t\t<\/div>\n\t\t\t\t\t<div class=\"elementor-swiper-button elementor-swiper-button-next\" role=\"button\" tabindex=\"0\">\n\t\t\t\t\t\t<svg aria-hidden=\"true\" class=\"e-font-icon-svg e-eicon-chevron-right\" viewBox=\"0 0 1000 1000\" xmlns=\"http:\/\/www.w3.org\/2000\/svg\"><path d=\"M696 533C708 521 713 504 713 487 713 471 708 454 696 446L400 146C388 133 375 125 354 125 338 125 325 129 313 142 300 154 292 171 292 187 292 204 296 221 308 233L563 492 304 771C292 783 288 800 288 817 288 833 296 850 308 863 321 871 338 875 354 875 371 875 388 867 400 854L696 533Z\"><\/path><\/svg>\t\t\t\t\t<\/div>\n\t\t\t\t\n\t\t\t\t\t\t\t\t\t<div class=\"swiper-pagination\"><\/div>\n\t\t\t\t\t\t\t\t\t<\/div>\n\t\t\t\t\t\t<\/div>\n\t\t\t\t<\/div>\n\t\t\t\t\t<\/div>\n\t\t\t\t<\/div>\n\t\t<div class=\"elementor-element elementor-element-a49b593 e-flex e-con-boxed e-con e-parent\" data-id=\"a49b593\" data-element_type=\"container\" data-settings=\"{&quot;background_background&quot;:&quot;classic&quot;}\">\n\t\t\t\t\t<div class=\"e-con-inner\">\n\t\t\t\t<div class=\"elementor-element elementor-element-5c6e23b elementor-widget elementor-widget-heading\" data-id=\"5c6e23b\" data-element_type=\"widget\" data-widget_type=\"heading.default\">\n\t\t\t\t<div class=\"elementor-widget-container\">\n\t\t\t\t\t<h2 class=\"elementor-heading-title elementor-size-default\">BIENVENIDOS A MEDIQUIP<\/h2>\t\t\t\t<\/div>\n\t\t\t\t<\/div>\n\t\t\t\t<div class=\"elementor-element elementor-element-a4d263a elementor-widget elementor-widget-text-editor\" data-id=\"a4d263a\" data-element_type=\"widget\" data-widget_type=\"text-editor.default\">\n\t\t\t\t<div class=\"elementor-widget-container\">\n\t\t\t\t\t\t\t\t\t<p>Somos una empresa boliviana dedicada a la provisi\u00f3n de equipamiento m\u00e9dico de alta tecnolog\u00eda. Nuestra misi\u00f3n es mejorar la atenci\u00f3n en salud mediante soluciones integrales y confiables.<\/p>\t\t\t\t\t\t\t\t<\/div>\n\t\t\t\t<\/div>\n\t\t\t\t<div class=\"elementor-element elementor-element-899d37f elementor-align-center elementor-widget elementor-widget-button\" data-id=\"899d37f\" data-element_type=\"widget\" data-widget_type=\"button.default\">\n\t\t\t\t<div class=\"elementor-widget-container\">\n\t\t\t\t\t\t\t\t\t<div class=\"elementor-button-wrapper\">\n\t\t\t\t\t<a class=\"elementor-button elementor-button-link elementor-size-sm\" href=\"\/home1\/category\/prod\/\">\n\t\t\t\t\t\t<span class=\"elementor-button-content-wrapper\">\n\t\t\t\t\t\t\t\t\t<span class=\"elementor-button-text\">Explorar Productos<\/span>\n\t\t\t\t\t<\/span>\n\t\t\t\t\t<\/a>\n\t\t\t\t<\/div>\n\t\t\t\t\t\t\t\t<\/div>\n\t\t\t\t<\/div>\n\t\t\t\t\t<\/div>\n\t\t\t\t<\/div>\n\t\t<div class=\"elementor-element elementor-element-15ee58a e-flex e-con-boxed e-con e-parent\" data-id=\"15ee58a\" data-element_type=\"container\">\n\t\t\t\t\t<div class=\"e-con-inner\">\n\t\t\t\t<div class=\"elementor-element elementor-element-1d41f90 elementor-widget elementor-widget-heading\" data-id=\"1d41f90\" data-element_type=\"widget\" data-widget_type=\"heading.default\">\n\t\t\t\t<div class=\"elementor-widget-container\">\n\t\t\t\t\t<h3 class=\"elementor-heading-title elementor-size-default\">EQUIPAMIENTO PARA TODAS LAS AREAS<\/h3>\t\t\t\t<\/div>\n\t\t\t\t<\/div>\n\t\t\t\t\t<\/div>\n\t\t\t\t<\/div>\n\t\t<div class=\"elementor-element elementor-element-b44ffbb e-flex e-con-boxed e-con e-parent\" data-id=\"b44ffbb\" data-element_type=\"container\">\n\t\t\t\t\t<div class=\"e-con-inner\">\n\t\t<div class=\"elementor-element elementor-element-c51447a e-grid e-con-full e-con e-child\" data-id=\"c51447a\" data-element_type=\"container\">\n\t\t<div class=\"elementor-element elementor-element-a8d1921 e-con-full e-flex e-con e-child\" data-id=\"a8d1921\" data-element_type=\"container\">\n\t\t\t\t<div class=\"elementor-element elementor-element-a288439 elementor-widget elementor-widget-image\" data-id=\"a288439\" data-element_type=\"widget\" data-widget_type=\"image.default\">\n\t\t\t\t<div class=\"elementor-widget-container\">\n\t\t\t\t\t\t\t\t\t\t\t\t\t\t\t\t<a href=\"\/home1\/category\/prod\/emergencias\/\">\n\t\t\t\t\t\t\t<img fetchpriority=\"high\" decoding=\"async\" width=\"800\" height=\"800\" src=\"https:\/\/mediquip.com.bo\/home1\/wp-content\/uploads\/2025\/06\/cropped-PORTRAIT-VSM-3.jpg\" class=\"attachment-large size-large wp-image-2239\" alt=\"\" srcset=\"https:\/\/mediquip.com.bo\/home1\/wp-content\/uploads\/2025\/06\/cropped-PORTRAIT-VSM-3.jpg 800w, https:\/\/mediquip.com.bo\/home1\/wp-content\/uploads\/2025\/06\/cropped-PORTRAIT-VSM-3-300x300.jpg 300w, https:\/\/mediquip.com.bo\/home1\/wp-content\/uploads\/2025\/06\/cropped-PORTRAIT-VSM-3-150x150.jpg 150w, https:\/\/mediquip.com.bo\/home1\/wp-content\/uploads\/2025\/06\/cropped-PORTRAIT-VSM-3-768x768.jpg 768w\" sizes=\"(max-width: 800px) 100vw, 800px\" \/>\t\t\t\t\t\t\t\t<\/a>\n\t\t\t\t\t\t\t\t\t\t\t\t\t\t\t<\/div>\n\t\t\t\t<\/div>\n\t\t\t\t<div class=\"elementor-element elementor-element-35179c6 elementor-widget elementor-widget-heading\" data-id=\"35179c6\" data-element_type=\"widget\" data-widget_type=\"heading.default\">\n\t\t\t\t<div class=\"elementor-widget-container\">\n\t\t\t\t\t<h4 class=\"elementor-heading-title elementor-size-default\">Emergencias<\/h4>\t\t\t\t<\/div>\n\t\t\t\t<\/div>\n\t\t\t\t<\/div>\n\t\t<div class=\"elementor-element elementor-element-5ce0915 e-con-full e-flex e-con e-child\" data-id=\"5ce0915\" data-element_type=\"container\">\n\t\t\t\t<div class=\"elementor-element elementor-element-88169a8 elementor-widget elementor-widget-image\" data-id=\"88169a8\" data-element_type=\"widget\" data-widget_type=\"image.default\">\n\t\t\t\t<div class=\"elementor-widget-container\">\n\t\t\t\t\t\t\t\t\t\t\t\t\t\t\t\t<a href=\"\/home1\/category\/prod\/imagen\/\">\n\t\t\t\t\t\t\t<img decoding=\"async\" width=\"1024\" height=\"1008\" src=\"https:\/\/mediquip.com.bo\/home1\/wp-content\/uploads\/2025\/06\/cropped-LOGIQ-P9_AUO_Liver-SWE_Dr_GE-0862-1024x1008.jpg\" class=\"attachment-large size-large wp-image-2243\" alt=\"\" srcset=\"https:\/\/mediquip.com.bo\/home1\/wp-content\/uploads\/2025\/06\/cropped-LOGIQ-P9_AUO_Liver-SWE_Dr_GE-0862-1024x1008.jpg 1024w, https:\/\/mediquip.com.bo\/home1\/wp-content\/uploads\/2025\/06\/cropped-LOGIQ-P9_AUO_Liver-SWE_Dr_GE-0862-300x295.jpg 300w, https:\/\/mediquip.com.bo\/home1\/wp-content\/uploads\/2025\/06\/cropped-LOGIQ-P9_AUO_Liver-SWE_Dr_GE-0862-768x756.jpg 768w, https:\/\/mediquip.com.bo\/home1\/wp-content\/uploads\/2025\/06\/cropped-LOGIQ-P9_AUO_Liver-SWE_Dr_GE-0862.jpg 1321w\" sizes=\"(max-width: 1024px) 100vw, 1024px\" \/>\t\t\t\t\t\t\t\t<\/a>\n\t\t\t\t\t\t\t\t\t\t\t\t\t\t\t<\/div>\n\t\t\t\t<\/div>\n\t\t\t\t<div class=\"elementor-element elementor-element-96007b3 elementor-widget elementor-widget-heading\" data-id=\"96007b3\" data-element_type=\"widget\" data-widget_type=\"heading.default\">\n\t\t\t\t<div class=\"elementor-widget-container\">\n\t\t\t\t\t<h4 class=\"elementor-heading-title elementor-size-default\">Imagenolog\u00eda<\/h4>\t\t\t\t<\/div>\n\t\t\t\t<\/div>\n\t\t\t\t<\/div>\n\t\t<div class=\"elementor-element elementor-element-0872c9b e-con-full e-flex e-con e-child\" data-id=\"0872c9b\" data-element_type=\"container\">\n\t\t\t\t<div class=\"elementor-element elementor-element-5b7c13d elementor-widget elementor-widget-image\" data-id=\"5b7c13d\" data-element_type=\"widget\" data-widget_type=\"image.default\">\n\t\t\t\t<div class=\"elementor-widget-container\">\n\t\t\t\t\t\t\t\t\t\t\t\t\t\t\t\t<a href=\"\/home1\/category\/prod\/internacion\/\">\n\t\t\t\t\t\t\t<img decoding=\"async\" width=\"480\" height=\"480\" src=\"https:\/\/mediquip.com.bo\/home1\/wp-content\/uploads\/2025\/04\/cropped-1A-2.jpg\" class=\"attachment-large size-large wp-image-2186\" alt=\"\" srcset=\"https:\/\/mediquip.com.bo\/home1\/wp-content\/uploads\/2025\/04\/cropped-1A-2.jpg 480w, https:\/\/mediquip.com.bo\/home1\/wp-content\/uploads\/2025\/04\/cropped-1A-2-300x300.jpg 300w, https:\/\/mediquip.com.bo\/home1\/wp-content\/uploads\/2025\/04\/cropped-1A-2-150x150.jpg 150w\" sizes=\"(max-width: 480px) 100vw, 480px\" \/>\t\t\t\t\t\t\t\t<\/a>\n\t\t\t\t\t\t\t\t\t\t\t\t\t\t\t<\/div>\n\t\t\t\t<\/div>\n\t\t\t\t<div class=\"elementor-element elementor-element-a0ce58d elementor-widget elementor-widget-heading\" data-id=\"a0ce58d\" data-element_type=\"widget\" data-widget_type=\"heading.default\">\n\t\t\t\t<div class=\"elementor-widget-container\">\n\t\t\t\t\t<h4 class=\"elementor-heading-title elementor-size-default\">Internaci\u00f3n<\/h4>\t\t\t\t<\/div>\n\t\t\t\t<\/div>\n\t\t\t\t<\/div>\n\t\t<div class=\"elementor-element elementor-element-ee9b95a e-con-full e-flex e-con e-child\" data-id=\"ee9b95a\" data-element_type=\"container\">\n\t\t\t\t<div class=\"elementor-element elementor-element-cda8e8c elementor-widget__width-inherit elementor-widget elementor-widget-image\" data-id=\"cda8e8c\" data-element_type=\"widget\" data-widget_type=\"image.default\">\n\t\t\t\t<div class=\"elementor-widget-container\">\n\t\t\t\t\t\t\t\t\t\t\t\t\t\t\t\t<a href=\"\/home1\/category\/prod\/quirofano\/\">\n\t\t\t\t\t\t\t<img loading=\"lazy\" decoding=\"async\" width=\"475\" height=\"475\" src=\"https:\/\/mediquip.com.bo\/home1\/wp-content\/uploads\/2025\/04\/cropped-FONDO-2.jpg\" class=\"attachment-large size-large wp-image-2099\" alt=\"\" srcset=\"https:\/\/mediquip.com.bo\/home1\/wp-content\/uploads\/2025\/04\/cropped-FONDO-2.jpg 475w, https:\/\/mediquip.com.bo\/home1\/wp-content\/uploads\/2025\/04\/cropped-FONDO-2-300x300.jpg 300w, https:\/\/mediquip.com.bo\/home1\/wp-content\/uploads\/2025\/04\/cropped-FONDO-2-150x150.jpg 150w\" sizes=\"(max-width: 475px) 100vw, 475px\" \/>\t\t\t\t\t\t\t\t<\/a>\n\t\t\t\t\t\t\t\t\t\t\t\t\t\t\t<\/div>\n\t\t\t\t<\/div>\n\t\t\t\t<div class=\"elementor-element elementor-element-98a85f4 elementor-widget elementor-widget-heading\" data-id=\"98a85f4\" data-element_type=\"widget\" data-widget_type=\"heading.default\">\n\t\t\t\t<div class=\"elementor-widget-container\">\n\t\t\t\t\t<h4 class=\"elementor-heading-title elementor-size-default\">Quir\u00f3fano<\/h4>\t\t\t\t<\/div>\n\t\t\t\t<\/div>\n\t\t\t\t<\/div>\n\t\t<div class=\"elementor-element elementor-element-1a3c236 e-con-full e-flex e-con e-child\" data-id=\"1a3c236\" data-element_type=\"container\">\n\t\t\t\t<div class=\"elementor-element elementor-element-7a6373c elementor-widget elementor-widget-image\" data-id=\"7a6373c\" data-element_type=\"widget\" data-widget_type=\"image.default\">\n\t\t\t\t<div class=\"elementor-widget-container\">\n\t\t\t\t\t\t\t\t\t\t\t\t\t\t\t\t<a href=\"\/home1\/category\/prod\/maternidad\/\">\n\t\t\t\t\t\t\t<img loading=\"lazy\" decoding=\"async\" width=\"365\" height=\"365\" src=\"https:\/\/mediquip.com.bo\/home1\/wp-content\/uploads\/2025\/06\/maternidad.webp\" class=\"attachment-large size-large wp-image-2887\" alt=\"\" srcset=\"https:\/\/mediquip.com.bo\/home1\/wp-content\/uploads\/2025\/06\/maternidad.webp 365w, https:\/\/mediquip.com.bo\/home1\/wp-content\/uploads\/2025\/06\/maternidad-300x300.webp 300w, https:\/\/mediquip.com.bo\/home1\/wp-content\/uploads\/2025\/06\/maternidad-150x150.webp 150w\" sizes=\"(max-width: 365px) 100vw, 365px\" \/>\t\t\t\t\t\t\t\t<\/a>\n\t\t\t\t\t\t\t\t\t\t\t\t\t\t\t<\/div>\n\t\t\t\t<\/div>\n\t\t\t\t<div class=\"elementor-element elementor-element-3f3da8d elementor-widget elementor-widget-heading\" data-id=\"3f3da8d\" data-element_type=\"widget\" data-widget_type=\"heading.default\">\n\t\t\t\t<div class=\"elementor-widget-container\">\n\t\t\t\t\t<h4 class=\"elementor-heading-title elementor-size-default\">Maternidad<\/h4>\t\t\t\t<\/div>\n\t\t\t\t<\/div>\n\t\t\t\t<\/div>\n\t\t<div class=\"elementor-element elementor-element-1d4fcec e-con-full e-flex e-con e-child\" data-id=\"1d4fcec\" data-element_type=\"container\">\n\t\t\t\t<div class=\"elementor-element elementor-element-6c0f50e elementor-widget elementor-widget-image\" data-id=\"6c0f50e\" data-element_type=\"widget\" data-widget_type=\"image.default\">\n\t\t\t\t<div class=\"elementor-widget-container\">\n\t\t\t\t\t\t\t\t\t\t\t\t\t\t\t\t<a href=\"\/home1\/category\/prod\/esteriliza\/\">\n\t\t\t\t\t\t\t<img loading=\"lazy\" decoding=\"async\" width=\"366\" height=\"366\" src=\"https:\/\/mediquip.com.bo\/home1\/wp-content\/uploads\/2025\/06\/esteriliza.webp\" class=\"attachment-large size-large wp-image-2891\" alt=\"\" srcset=\"https:\/\/mediquip.com.bo\/home1\/wp-content\/uploads\/2025\/06\/esteriliza.webp 366w, https:\/\/mediquip.com.bo\/home1\/wp-content\/uploads\/2025\/06\/esteriliza-300x300.webp 300w, https:\/\/mediquip.com.bo\/home1\/wp-content\/uploads\/2025\/06\/esteriliza-150x150.webp 150w\" sizes=\"(max-width: 366px) 100vw, 366px\" \/>\t\t\t\t\t\t\t\t<\/a>\n\t\t\t\t\t\t\t\t\t\t\t\t\t\t\t<\/div>\n\t\t\t\t<\/div>\n\t\t\t\t<div class=\"elementor-element elementor-element-8c3ce28 elementor-widget elementor-widget-heading\" data-id=\"8c3ce28\" data-element_type=\"widget\" data-widget_type=\"heading.default\">\n\t\t\t\t<div class=\"elementor-widget-container\">\n\t\t\t\t\t<h4 class=\"elementor-heading-title elementor-size-default\">Esterilizaci\u00f3n<\/h4>\t\t\t\t<\/div>\n\t\t\t\t<\/div>\n\t\t\t\t<\/div>\n\t\t<div class=\"elementor-element elementor-element-95fc6ea e-con-full e-flex e-con e-child\" data-id=\"95fc6ea\" data-element_type=\"container\">\n\t\t\t\t<div class=\"elementor-element elementor-element-ffdcb2e elementor-widget elementor-widget-image\" data-id=\"ffdcb2e\" data-element_type=\"widget\" data-widget_type=\"image.default\">\n\t\t\t\t<div class=\"elementor-widget-container\">\n\t\t\t\t\t\t\t\t\t\t\t\t\t\t\t\t<a href=\"\/home1\/category\/prod\/terapia\/\">\n\t\t\t\t\t\t\t<img loading=\"lazy\" decoding=\"async\" width=\"361\" height=\"361\" src=\"https:\/\/mediquip.com.bo\/home1\/wp-content\/uploads\/2025\/06\/terapia.webp\" class=\"attachment-large size-large wp-image-2893\" alt=\"\" srcset=\"https:\/\/mediquip.com.bo\/home1\/wp-content\/uploads\/2025\/06\/terapia.webp 361w, https:\/\/mediquip.com.bo\/home1\/wp-content\/uploads\/2025\/06\/terapia-300x300.webp 300w, https:\/\/mediquip.com.bo\/home1\/wp-content\/uploads\/2025\/06\/terapia-150x150.webp 150w\" sizes=\"(max-width: 361px) 100vw, 361px\" \/>\t\t\t\t\t\t\t\t<\/a>\n\t\t\t\t\t\t\t\t\t\t\t\t\t\t\t<\/div>\n\t\t\t\t<\/div>\n\t\t\t\t<div class=\"elementor-element elementor-element-acacef3 elementor-widget elementor-widget-heading\" data-id=\"acacef3\" data-element_type=\"widget\" data-widget_type=\"heading.default\">\n\t\t\t\t<div class=\"elementor-widget-container\">\n\t\t\t\t\t<h4 class=\"elementor-heading-title elementor-size-default\">Terapia Intensiva<\/h4>\t\t\t\t<\/div>\n\t\t\t\t<\/div>\n\t\t\t\t<\/div>\n\t\t<div class=\"elementor-element elementor-element-69ac41d e-con-full e-flex e-con e-child\" data-id=\"69ac41d\" data-element_type=\"container\">\n\t\t\t\t<div class=\"elementor-element elementor-element-c297cfb elementor-widget elementor-widget-image\" data-id=\"c297cfb\" data-element_type=\"widget\" data-widget_type=\"image.default\">\n\t\t\t\t<div class=\"elementor-widget-container\">\n\t\t\t\t\t\t\t\t\t\t\t\t\t\t\t\t<a href=\"\/home1\/category\/prod\/terapianeo\/\">\n\t\t\t\t\t\t\t<img loading=\"lazy\" decoding=\"async\" width=\"500\" height=\"500\" src=\"https:\/\/mediquip.com.bo\/home1\/wp-content\/uploads\/2025\/06\/lineas_terap_neonato.webp\" class=\"attachment-large size-large wp-image-2462\" alt=\"\" srcset=\"https:\/\/mediquip.com.bo\/home1\/wp-content\/uploads\/2025\/06\/lineas_terap_neonato.webp 500w, https:\/\/mediquip.com.bo\/home1\/wp-content\/uploads\/2025\/06\/lineas_terap_neonato-300x300.webp 300w, https:\/\/mediquip.com.bo\/home1\/wp-content\/uploads\/2025\/06\/lineas_terap_neonato-150x150.webp 150w\" sizes=\"(max-width: 500px) 100vw, 500px\" \/>\t\t\t\t\t\t\t\t<\/a>\n\t\t\t\t\t\t\t\t\t\t\t\t\t\t\t<\/div>\n\t\t\t\t<\/div>\n\t\t\t\t<div class=\"elementor-element elementor-element-5f49ad0 elementor-widget elementor-widget-heading\" data-id=\"5f49ad0\" data-element_type=\"widget\" data-widget_type=\"heading.default\">\n\t\t\t\t<div class=\"elementor-widget-container\">\n\t\t\t\t\t<h4 class=\"elementor-heading-title elementor-size-default\">Terapia Intensiva Neonatal<\/h4>\t\t\t\t<\/div>\n\t\t\t\t<\/div>\n\t\t\t\t<\/div>\n\t\t\t\t<\/div>\n\t\t\t\t\t<\/div>\n\t\t\t\t<\/div>\n\t\t\t\t<\/div>\n\t\t","protected":false},"excerpt":{"rendered":"<p>BIENVENIDOS A MEDIQUIP Somos una empresa boliviana dedicada a la provisi\u00f3n de equipamiento m\u00e9dico de alta tecnolog\u00eda. Nuestra misi\u00f3n es [&hellip;]<\/p>\n","protected":false},"author":1,"featured_media":0,"parent":0,"menu_order":0,"comment_status":"closed","ping_status":"closed","template":"","meta":{"site-sidebar-layout":"default","site-content-layout":"","ast-site-content-layout":"full-width-container","site-content-style":"default","site-sidebar-style":"default","ast-global-header-display":"","ast-banner-title-visibility":"","ast-main-header-display":"","ast-hfb-above-header-display":"","ast-hfb-below-header-display":"","ast-hfb-mobile-header-display":"","site-post-title":"","ast-breadcrumbs-content":"","ast-featured-img":"","footer-sml-layout":"","theme-transparent-header-meta":"","adv-header-id-meta":"","stick-header-meta":"","header-above-stick-meta":"","header-main-stick-meta":"","header-below-stick-meta":"","astra-migrate-meta-layouts":"default","ast-page-background-enabled":"default","ast-page-background-meta":{"desktop":{"background-color":"var(--ast-global-color-5)","background-image":"","background-repeat":"repeat","background-position":"center center","background-size":"auto","background-attachment":"scroll","background-type":"","background-media":"","overlay-type":"","overlay-color":"","overlay-opacity":"","overlay-gradient":""},"tablet":{"background-color":"","background-image":"","background-repeat":"repeat","background-position":"center center","background-size":"auto","background-attachment":"scroll","background-type":"","background-media":"","overlay-type":"","overlay-color":"","overlay-opacity":"","overlay-gradient":""},"mobile":{"background-color":"","background-image":"","background-repeat":"repeat","background-position":"center center","background-size":"auto","background-attachment":"scroll","background-type":"","background-media":"","overlay-type":"","overlay-color":"","overlay-opacity":"","overlay-gradient":""}},"ast-content-background-meta":{"desktop":{"background-color":"var(--ast-global-color-4)","background-image":"","background-repeat":"repeat","background-position":"center center","background-size":"auto","background-attachment":"scroll","background-type":"","background-media":"","overlay-type":"","overlay-color":"","overlay-opacity":"","overlay-gradient":""},"tablet":{"background-color":"var(--ast-global-color-4)","background-image":"","background-repeat":"repeat","background-position":"center center","background-size":"auto","background-attachment":"scroll","background-type":"","background-media":"","overlay-type":"","overlay-color":"","overlay-opacity":"","overlay-gradient":""},"mobile":{"background-color":"var(--ast-global-color-4)","background-image":"","background-repeat":"repeat","background-position":"center center","background-size":"auto","background-attachment":"scroll","background-type":"","background-media":"","overlay-type":"","overlay-color":"","overlay-opacity":"","overlay-gradient":""}},"footnotes":""},"class_list":["post-2248","page","type-page","status-publish","hentry"],"_links":{"self":[{"href":"https:\/\/mediquip.com.bo\/home1\/wp-json\/wp\/v2\/pages\/2248","targetHints":{"allow":["GET"]}}],"collection":[{"href":"https:\/\/mediquip.com.bo\/home1\/wp-json\/wp\/v2\/pages"}],"about":[{"href":"https:\/\/mediquip.com.bo\/home1\/wp-json\/wp\/v2\/types\/page"}],"author":[{"embeddable":true,"href":"https:\/\/mediquip.com.bo\/home1\/wp-json\/wp\/v2\/users\/1"}],"replies":[{"embeddable":true,"href":"https:\/\/mediquip.com.bo\/home1\/wp-json\/wp\/v2\/comments?post=2248"}],"version-history":[{"count":289,"href":"https:\/\/mediquip.com.bo\/home1\/wp-json\/wp\/v2\/pages\/2248\/revisions"}],"predecessor-version":[{"id":3016,"href":"https:\/\/mediquip.com.bo\/home1\/wp-json\/wp\/v2\/pages\/2248\/revisions\/3016"}],"wp:attachment":[{"href":"https:\/\/mediquip.com.bo\/home1\/wp-json\/wp\/v2\/media?parent=2248"}],"curies":[{"name":"wp","href":"https:\/\/api.w.org\/{rel}","templated":true}]}}